{"id":17572,"date":"2022-11-16T09:32:11","date_gmt":"2022-11-16T15:32:11","guid":{"rendered":"https:\/\/app.semadet.jalisco.gob.mx\/redd\/?page_id=17572"},"modified":"2023-11-22T17:03:15","modified_gmt":"2023-11-22T23:03:15","slug":"descargar-2","status":"publish","type":"page","link":"https:\/\/app.semadet.jalisco.gob.mx\/redd\/descargar-2\/","title":{"rendered":"Descargar"},"content":{"rendered":"<p>[vc_row css_animation=&#8221;&#8221; row_type=&#8221;row&#8221; use_row_as_full_screen_section=&#8221;no&#8221; type=&#8221;grid&#8221; anchor=&#8221;portfolio&#8221; angled_section=&#8221;no&#8221; text_align=&#8221;left&#8221; background_image_as_pattern=&#8221;without_pattern&#8221; background_color=&#8221;#ffffff&#8221; border_color=&#8221;#eeeeee&#8221; padding_top=&#8221;82&#8243; padding_bottom=&#8221;0&#8243;][vc_column][vc_column_text]<\/p>\n<h2 style=\"text-align: center;\">Infomapas de monitoreo forestal.<\/h2>\n<p>[\/vc_column_text][\/vc_column][\/vc_row]<\/p>\n\n\n<p>[vc_row css_animation=&#8221;&#8221; row_type=&#8221;row&#8221; use_row_as_full_screen_section=&#8221;no&#8221; type=&#8221;grid&#8221; angled_section=&#8221;no&#8221; text_align=&#8221;left&#8221; background_image_as_pattern=&#8221;without_pattern&#8221; background_color=&#8221;#ffffff&#8221; padding_top=&#8221;40&#8243; css=&#8221;.vc_custom_1520280076444{padding-bottom: 20px !important;}&#8221; z_index=&#8221;&#8221;][vc_column width=&#8221;1\/4&#8243;][vc_column_text]<\/p>\n<h5 style=\"text-align: left;\">El mapa de cobertura de suelo de Jalisco, a\u00f1o 2016<\/h5>\n<p>[\/vc_column_text][vc_separator type=&#8221;small&#8221; position=&#8221;left&#8221; color=&#8221;#d8d8d8&#8243; up=&#8221;7&#8243; down=&#8221;34&#8243;][vc_column_text]<\/p>\n<p style=\"text-align: justify;\">&#8211;<\/p>\n<p>[\/vc_column_text][vc_empty_space height=&#8221;15px&#8221;]<a  itemprop=\"url\" href=\"https:\/\/siga.jalisco.gob.mx\/biodiversidad\/archivos\/REDD\/cobertura_forestal_2016_Jalisco.pdf\" target=\"_blank\" data-hover-background-color=#303030 data-hover-border-color=#303030 data-hover-color=#ffffff class=\"qbutton  small left white default\" style=\"color: #ffffff; border-color: #77bc1f; background-color: #77bc1f;\">Descargar<i class=\"qode_icon_font_awesome fa fa-download qode_button_icon_element\" style=\"color: #00783e;\" ><\/i><\/a><\/p>\n<p>[\/vc_column][vc_column width=&#8221;1\/4&#8243;][vc_column_text]<\/p>\n<h5 style=\"text-align: left;\">El info poster sobre la tasa de deforestaci\u00f3n 2001-2018<\/h5>\n<p>[\/vc_column_text][vc_separator type=&#8221;small&#8221; position=&#8221;left&#8221; color=&#8221;#d8d8d8&#8243; up=&#8221;7&#8243; down=&#8221;34&#8243;][vc_column_text]<\/p>\n<p style=\"text-align: justify;\">&#8211;<\/p>\n<p>[\/vc_column_text][vc_empty_space height=&#8221;15px&#8221;]<a  itemprop=\"url\" href=\"https:\/\/siga.jalisco.gob.mx\/biodiversidad\/archivos\/REDD\/deforestaci%C3%B3n_Jalisco_2001_2018I.pdf\" target=\"_blank\" data-hover-background-color=#303030 data-hover-border-color=#303030 data-hover-color=#ffffff class=\"qbutton  small left white default\" style=\"color: #ffffff; border-color: #77bc1f; background-color: #77bc1f;\">Descargar<i class=\"qode_icon_font_awesome fa fa-download qode_button_icon_element\" style=\"color: #00783e;\" ><\/i><\/a>[\/vc_column][vc_column width=&#8221;1\/4&#8243;][vc_column_text]<\/p>\n<h5 style=\"text-align: left;\">Hacia la deforestaci\u00f3n neta cero<\/h5>\n<p>[\/vc_column_text][vc_separator type=&#8221;small&#8221; position=&#8221;left&#8221; color=&#8221;#d8d8d8&#8243; up=&#8221;7&#8243; down=&#8221;34&#8243;][vc_column_text]<\/p>\n<p style=\"text-align: justify;\">&#8211;<\/p>\n<p>[\/vc_column_text][vc_column_text]<\/p>\n<p>[\/vc_column_text][vc_empty_space height=&#8221;20px&#8221;]<a  itemprop=\"url\" href=\"https:\/\/siga.jalisco.gob.mx\/biodiversidad\/archivos\/REDD\/Hacia%20deforestacion%20neta%20cero.jpg\" target=\"_blank\" data-hover-background-color=#303030 data-hover-border-color=#303030 data-hover-color=#ffffff class=\"qbutton  small left white default\" style=\"color: #ffffff; border-color: #77bc1f; background-color: #77bc1f;\">Descargar<i class=\"qode_icon_font_awesome fa fa-download qode_button_icon_element\" style=\"color: #00783e;\" ><\/i><\/a>[vc_empty_space height=&#8221;20px&#8221;][vc_column_text]<br \/>\n[\/vc_column_text][\/vc_column][\/vc_row]<\/p>\n\n\n<p>[vc_row css_animation=&#8221;&#8221; row_type=&#8221;row&#8221; use_row_as_full_screen_section=&#8221;no&#8221; type=&#8221;grid&#8221; anchor=&#8221;portfolio&#8221; angled_section=&#8221;no&#8221; text_align=&#8221;left&#8221; background_image_as_pattern=&#8221;without_pattern&#8221; background_color=&#8221;#ffffff&#8221; border_color=&#8221;#eeeeee&#8221; padding_top=&#8221;82&#8243; padding_bottom=&#8221;0&#8243;][vc_column][vc_column_text]<\/p>\n<h2 style=\"text-align: center;\">Descargar documentos y dem\u00e1s recursos para consulta.<\/h2>\n<p>[\/vc_column_text][\/vc_column][\/vc_row]<\/p>\n\n\n<p>[vc_row css_animation=&#8221;&#8221; row_type=&#8221;row&#8221; use_row_as_full_screen_section=&#8221;no&#8221; type=&#8221;grid&#8221; angled_section=&#8221;no&#8221; text_align=&#8221;left&#8221; background_image_as_pattern=&#8221;without_pattern&#8221; background_color=&#8221;#ffffff&#8221; padding_top=&#8221;40&#8243; css=&#8221;.vc_custom_1520280076444{padding-bottom: 20px !important;}&#8221; z_index=&#8221;&#8221;][vc_column width=&#8221;1\/4&#8243;][vc_column_text]<\/p>\n<h5 style=\"text-align: left;\">EEREDD+ Versi\u00f3n Final<\/h5>\n<p>[\/vc_column_text][vc_separator type=&#8221;small&#8221; position=&#8221;left&#8221; color=&#8221;#d8d8d8&#8243; up=&#8221;7&#8243; down=&#8221;34&#8243;][vc_column_text]<\/p>\n<p style=\"text-align: justify;\">El Gobierno del Estado comenz\u00f3 el proceso de elaboraci\u00f3n de la Estrategia Estatal REDD+ de Jalisco (EEREDD+ de Jalisco) en 2016.<\/p>\n<p>[\/vc_column_text][vc_empty_space height=&#8221;15px&#8221;]<a  itemprop=\"url\" href=\"https:\/\/semadet.jalisco.gob.mx\/sites\/semadet.jalisco.gob.mx\/files\/eeredd_final.pdf\" target=\"_blank\" data-hover-background-color=#303030 data-hover-border-color=#303030 data-hover-color=#ffffff class=\"qbutton  small left white default\" style=\"color: #ffffff; border-color: #77bc1f; background-color: #77bc1f;\">Descargar<i class=\"qode_icon_font_awesome fa fa-download qode_button_icon_element\" style=\"color: #00783e;\" ><\/i><\/a><\/p>\n<p>[vc_separator type=&#8221;small&#8221; position=&#8221;left&#8221; color=&#8221;#d8d8d8&#8243; up=&#8221;7&#8243; down=&#8221;34&#8243;][vc_column_text]<\/p>\n<p>[vc_empty_space height=&#8221;15px&#8221;]<\/p>\n<p><strong>Primer Informe de Avances de la EEREDD+ 2022<\/strong><\/p>\n<p style=\"text-align: justify;\">Estrategia Estatal para la Reducci\u00f3n de Emisiones por Deforestaci\u00f3n y Degradaci\u00f3n Forestal.<\/p>\n<p>[\/vc_column_text][vc_empty_space height=&#8221;15px&#8221;]<a  itemprop=\"url\" href=\"https:\/\/app.semadet.jalisco.gob.mx\/redd\/wp-content\/uploads\/2022\/11\/2doInformeAvancesRED2022.pdf\" target=\"_blank\" data-hover-background-color=#303030 data-hover-border-color=#303030 data-hover-color=#ffffff class=\"qbutton  small left white default\" style=\"color: #ffffff; border-color: #77bc1f; background-color: #77bc1f;\">Descargar<i class=\"qode_icon_font_awesome fa fa-download qode_button_icon_element\" style=\"color: #00783e;\" ><\/i><\/a><\/p>\n<p>[\/vc_column][vc_column width=&#8221;1\/4&#8243;][vc_column_text]<\/p>\n<h5 style=\"text-align: left;\">EEREDD+ S\u00edntesis<\/h5>\n<p>[\/vc_column_text][vc_separator type=&#8221;small&#8221; position=&#8221;left&#8221; color=&#8221;#d8d8d8&#8243; up=&#8221;7&#8243; down=&#8221;34&#8243;][vc_column_text]<\/p>\n<p style=\"text-align: justify;\">Material impreso sobre la consulta p\u00fablica realizada en 2018\u00a0 para la construcci\u00f3n de la EEREDD+ Jalisco como\u00a0un instrumento de planeaci\u00f3n estatal, elaborado por la Secretar\u00eda del Medio Ambiente y Desarrollo Territorial.<\/p>\n<p>[\/vc_column_text][vc_empty_space height=&#8221;15px&#8221;]<a  itemprop=\"url\" href=\"https:\/\/app.semadet.jalisco.gob.mx\/redd\/wp-content\/uploads\/2018\/01\/EEREDD_Sintesis.pdf\" target=\"_blank\" data-hover-background-color=#303030 data-hover-border-color=#303030 data-hover-color=#ffffff class=\"qbutton  small left white default\" style=\"color: #ffffff; border-color: #77bc1f; background-color: #77bc1f;\">Descargar<i class=\"qode_icon_font_awesome fa fa-download qode_button_icon_element\" style=\"color: #00783e;\" ><\/i><\/a>[\/vc_column][vc_column width=&#8221;1\/4&#8243;][vc_column_text]<\/p>\n<h5 style=\"text-align: left;\">Infograf\u00eda EEREDD+<\/h5>\n<p>[\/vc_column_text][vc_separator type=&#8221;small&#8221; position=&#8221;left&#8221; color=&#8221;#d8d8d8&#8243; up=&#8221;7&#8243; down=&#8221;34&#8243;][vc_column_text]<\/p>\n<p style=\"text-align: justify;\">Conoce\u00a0 los principios, componentes\u00a0 y las metas para el a\u00f1o 2030 de EEREDD+<\/p>\n<p>[\/vc_column_text][vc_empty_space height=&#8221;20px&#8221;][vc_column_text]<\/p>\n<p style=\"text-align: justify;\">Versi\u00f3n en Espa\u00f1ol<\/p>\n<p>[\/vc_column_text][vc_empty_space height=&#8221;20px&#8221;]<a  itemprop=\"url\" href=\"https:\/\/app.semadet.jalisco.gob.mx\/redd\/wp-content\/uploads\/2018\/05\/Infografi\u0301a-EEREDD.pdf\" target=\"_blank\" data-hover-background-color=#303030 data-hover-border-color=#303030 data-hover-color=#ffffff class=\"qbutton  small left white default\" style=\"color: #ffffff; border-color: #77bc1f; background-color: #77bc1f;\">Descargar<i class=\"qode_icon_font_awesome fa fa-download qode_button_icon_element\" style=\"color: #00783e;\" ><\/i><\/a>[vc_empty_space height=&#8221;20px&#8221;][vc_column_text]<\/p>\n<p style=\"text-align: justify;\">Versi\u00f3n en Wirr\u00e1rika<\/p>\n<p>[\/vc_column_text][vc_empty_space height=&#8221;20px&#8221;]<a  itemprop=\"url\" href=\"https:\/\/app.semadet.jalisco.gob.mx\/redd\/wp-content\/uploads\/2018\/05\/Infografi\u0301a-Wirra\u0301rika.pdf\" target=\"_blank\" data-hover-background-color=#303030 data-hover-border-color=#303030 data-hover-color=#ffffff class=\"qbutton  small left white default\" style=\"color: #ffffff; border-color: #77bc1f; background-color: #77bc1f;\">Descargar<i class=\"qode_icon_font_awesome fa fa-download qode_button_icon_element\" style=\"color: #00783e;\" ><\/i><\/a>[\/vc_column][vc_column width=&#8221;1\/4&#8243;][vc_column_text]<\/p>\n<h5 style=\"text-align: left;\">P\u00f3ster de \u00e1rboles multifuncionales en potreros de Jalisco<\/h5>\n<p>[\/vc_column_text][vc_empty_space height=&#8221;20px&#8221;][vc_column_text]<\/p>\n<p style=\"text-align: justify;\">Versi\u00f3n en Espa\u00f1ol<\/p>\n<p>[\/vc_column_text][vc_empty_space height=&#8221;20px&#8221;]<a  itemprop=\"url\" href=\"https:\/\/app.semadet.jalisco.gob.mx\/redd\/wp-content\/uploads\/2020\/11\/Posterdearboles.jpg\" target=\"_blank\" data-hover-background-color=#303030 data-hover-border-color=#303030 data-hover-color=#ffffff class=\"qbutton  small left white default\" style=\"color: #ffffff; border-color: #77bc1f; background-color: #77bc1f;\">Descargar<i class=\"qode_icon_font_awesome fa fa-download qode_button_icon_element\" style=\"color: #00783e;\" ><\/i><\/a>[vc_empty_space height=&#8221;20px&#8221;][\/vc_row]<\/p>\n\n\n\n<p>[vc_row css_animation=&#8221;&#8221; row_type=&#8221;row&#8221; use_row_as_full_screen_section=&#8221;no&#8221; type=&#8221;full_width&#8221; angled_section=&#8221;no&#8221; text_align=&#8221;left&#8221; background_image_as_pattern=&#8221;without_pattern&#8221; z_index=&#8221;&#8221;][vc_column offset=&#8221;vc_hidden-md vc_hidden-sm vc_hidden-xs&#8221;][vc_empty_space height=&#8221;100&#8243;][vc_empty_space height=&#8221;100&#8243;][vc_empty_space height=&#8221;100&#8243;][\/vc_column][\/vc_row]<\/p>\n","protected":false},"excerpt":{"rendered":"<p>[vc_row css_animation=&#8221;&#8221; row_type=&#8221;row&#8221; use_row_as_full_screen_section=&#8221;no&#8221; type=&#8221;full_width&#8221; angled_section=&#8221;no&#8221; text_align=&#8221;left&#8221; background_image_as_pattern=&#8221;without_pattern&#8221; z_index=&#8221;&#8221;][vc_column offset=&#8221;vc_hidden-md vc_hidden-sm vc_hidden-xs&#8221;][vc_empty_space height=&#8221;100&#8243;][vc_empty_space height=&#8221;100&#8243;][vc_empty_space height=&#8221;100&#8243;][\/vc_column][\/vc_row]<\/p>\n","protected":false},"author":2,"featured_media":0,"parent":0,"menu_order":0,"comment_status":"open","ping_status":"closed","template":"full_width.php","meta":{"footnotes":""},"_links":{"self":[{"href":"https:\/\/app.semadet.jalisco.gob.mx\/redd\/wp-json\/wp\/v2\/pages\/17572"}],"collection":[{"href":"https:\/\/app.semadet.jalisco.gob.mx\/redd\/wp-json\/wp\/v2\/pages"}],"about":[{"href":"https:\/\/app.semadet.jalisco.gob.mx\/redd\/wp-json\/wp\/v2\/types\/page"}],"author":[{"embeddable":true,"href":"https:\/\/app.semadet.jalisco.gob.mx\/redd\/wp-json\/wp\/v2\/users\/2"}],"replies":[{"embeddable":true,"href":"https:\/\/app.semadet.jalisco.gob.mx\/redd\/wp-json\/wp\/v2\/comments?post=17572"}],"version-history":[{"count":25,"href":"https:\/\/app.semadet.jalisco.gob.mx\/redd\/wp-json\/wp\/v2\/pages\/17572\/revisions"}],"predecessor-version":[{"id":17741,"href":"https:\/\/app.semadet.jalisco.gob.mx\/redd\/wp-json\/wp\/v2\/pages\/17572\/revisions\/17741"}],"wp:attachment":[{"href":"https:\/\/app.semadet.jalisco.gob.mx\/redd\/wp-json\/wp\/v2\/media?parent=17572"}],"curies":[{"name":"wp","href":"https:\/\/api.w.org\/{rel}","templated":true}]}}