{"id":17094,"date":"2019-11-28T09:50:11","date_gmt":"2019-11-28T15:50:11","guid":{"rendered":"http:\/\/app.semadet.jalisco.gob.mx\/redd\/?page_id=17094"},"modified":"2023-05-02T15:12:42","modified_gmt":"2023-05-02T21:12:42","slug":"ire","status":"publish","type":"page","link":"https:\/\/app.semadet.jalisco.gob.mx\/redd\/ire\/","title":{"rendered":"IRE"},"content":{"rendered":"<p>[vc_row css_animation=&#8221;&#8221; row_type=&#8221;row&#8221; use_row_as_full_screen_section=&#8221;no&#8221; type=&#8221;grid&#8221; angled_section=&#8221;no&#8221; text_align=&#8221;left&#8221; background_image_as_pattern=&#8221;without_pattern&#8221; background_color=&#8221;#ffffff&#8221; border_color=&#8221;#eeeeee&#8221; padding_top=&#8221;73&#8243; padding_bottom=&#8221;0&#8243; z_index=&#8221;&#8221; css=&#8221;.vc_custom_1516141048474{background-color: #f4f4f4 !important;}&#8221;][vc_column][vc_row_inner row_type=&#8221;row&#8221; type=&#8221;full_width&#8221; text_align=&#8221;left&#8221; css_animation=&#8221;&#8221;][vc_column_inner width=&#8221;1\/6&#8243;][\/vc_column_inner][vc_column_inner width=&#8221;2\/3&#8243;][vc_column_text]<\/p>\n<h2 style=\"text-align: center;\">\u00a0<strong>Antecedentes REDD+ Jalisco(IRE)<\/strong><\/h2>\n<p>[\/vc_column_text][vc_separator type=&#8221;small&#8221; position=&#8221;center&#8221; color=&#8221;#000000&#8243; up=&#8221;20&#8243; down=&#8221;20&#8243;][vc_column_text]<\/p>\n<p style=\"text-align: center;\">\n<p>[\/vc_column_text][\/vc_column_inner]<\/p>\n<p>[vc_row css_animation=&#8221;&#8221; row_type=&#8221;row&#8221; use_row_as_full_screen_section=&#8221;no&#8221; type=&#8221;full_width&#8221; angled_section=&#8221;no&#8221; text_align=&#8221;left&#8221; background_image_as_pattern=&#8221;without_pattern&#8221; padding_bottom=&#8221;20&#8243; z_index=&#8221;&#8221;]<\/p>\n<p>[\/vc_column][\/vc_row][vc_row css_animation=&#8221;&#8221; row_type=&#8221;row&#8221; use_row_as_full_screen_section=&#8221;no&#8221; type=&#8221;grid&#8221; angled_section=&#8221;no&#8221; text_align=&#8221;left&#8221; background_image_as_pattern=&#8221;without_pattern&#8221; background_color=&#8221;#ffffff&#8221;][vc_column width=&#8221;1\/2&#8243;][vc_row_inner row_type=&#8221;row&#8221; use_as_box=&#8221;use_row_as_box&#8221; type=&#8221;full_width&#8221; text_align=&#8221;left&#8221; css_animation=&#8221;&#8221; padding=&#8221;10&#8243;][vc_column_inner][vc_separator type=&#8221;transparent&#8221; up=&#8221;6&#8243; down=&#8221;6&#8243;][vc_column_text]<\/p>\n<p><span style=\"font-weight: 400;\">IRE es una propuesta presentada por M\u00e9xico ante el Fondo Cooperativo para el Carbono de los Bosques (FCPF, por sus siglas en ingl\u00e9s) como la iniciativa nacional para lograr la reducci\u00f3n en las emisiones del sector forestal.<\/span><\/p>\n<p><span style=\"font-size: inherit;\">\u00a0<\/span><\/p>\n<p><span style=\"font-weight: 400;\">En M\u00e9xico, la\u00a0<\/span><b>IRE<\/b><span style=\"font-weight: 400;\">\u00a0busca proveer incentivos positivos para reducir las emisiones de gases de efecto invernadero (GEI), al tiempo que se protegen los bosques, se conserva la biodiversidad y se mejoran los medios de vida de poblaciones ind\u00edgenas y comunidades locales dependientes de los bosques.<\/span><\/p>\n<p><span style=\"font-size: inherit;\"><br \/>\n<span style=\"font-weight: 400;\">La\u00a0<\/span><b>IRE<\/b><span style=\"font-weight: 400;\">\u00a0se desarrollara en los 5 estados donde se realizaran Acciones tempranas REDD+ (<\/span><b>Jalisco<\/b><span style=\"font-weight: 400;\">, Chiapas, Yucat\u00e1n, Quintana Roo y Campeche).<\/span><\/span><\/p>\n<p>[\/vc_column_text][\/vc_column_inner][\/vc_row_inner][vc_separator type=&#8221;transparent&#8221; up=&#8221;39&#8243; down=&#8221;0&#8243;][\/vc_column][vc_column width=&#8221;1\/2&#8243;][vc_row_inner row_type=&#8221;row&#8221; use_as_box=&#8221;use_row_as_box&#8221; type=&#8221;full_width&#8221; text_align=&#8221;left&#8221; css_animation=&#8221;&#8221; padding=&#8221;10&#8243;][vc_column_inner][vc_separator type=&#8221;transparent&#8221; up=&#8221;6&#8243; down=&#8221;6&#8243;][vc_column_text]<\/p>\n<p><span style=\"font-weight: 400;\">El componente medular de la IRE son los\u00a0<\/span><b>Programas de Inversi\u00f3n<\/b><span style=\"font-weight: 400;\">\u00a0(<\/span><b>PI<\/b><span style=\"font-weight: 400;\">) los cuales son instrumentos de planeaci\u00f3n territorial y\/o regional a largo plazo con amplia participaci\u00f3n de las comunidades involucradas<\/span><\/p>\n<p><span style=\"font-weight: 400;\">Los\u00a0<\/span><b>PI<\/b><span style=\"font-weight: 400;\">\u00a0tienen como objetivo identificar el tipo de actividades que se llevar\u00e1n a cabo en una regi\u00f3n para reducir la deforestaci\u00f3n y degradaci\u00f3n, potenciar el desarrollo local y el uso adecuado de los recursos naturales.<\/span><\/p>\n<p><span style=\"font-weight: 400;\">En este contexto, se invit\u00f3 a los organismos p\u00fablicos con mandato relacionado con el desarrollo rural integrado, a participar como Agentes P\u00fablicos de Desarrollo Territorial (APDT) en la construcci\u00f3n participativa de los Programas de Inversi\u00f3n de la Iniciativa REDD+.<\/span><\/p>\n<p><span style=\"font-weight: 400;\">La\u00a0<\/span><b>IRE<\/b><span style=\"font-weight: 400;\">\u00a0en Jalisco se llev\u00f3 a cabo en\u00a04 regiones del estado donde se interviene con Acciones Tempranas REDD+<\/span><\/p>\n<p>[\/vc_column_text][\/vc_column_inner][\/vc_row_inner][vc_separator type=&#8221;transparent&#8221; up=&#8221;39&#8243; down=&#8221;0&#8243;][\/vc_column][vc_column width=&#8221;1\/3&#8243;][vc_row_inner row_type=&#8221;row&#8221; use_as_box=&#8221;use_row_as_box&#8221; type=&#8221;full_width&#8221; text_align=&#8221;left&#8221; css_animation=&#8221;&#8221; padding=&#8221;10&#8243;][vc_column_inner]<\/p>\n<p>[\/vc_column_inner][\/vc_row_inner][vc_separator type=&#8221;transparent&#8221; up=&#8221;39&#8243; down=&#8221;0&#8243;][\/vc_column][\/vc_row]<\/p>\n<p>[vc_row css_animation=&#8221;&#8221; row_type=&#8221;row&#8221; use_row_as_full_screen_section=&#8221;no&#8221; type=&#8221;grid&#8221; angled_section=&#8221;no&#8221; text_align=&#8221;left&#8221; background_image_as_pattern=&#8221;without_pattern&#8221; background_color=&#8221;#f8f8f8&#8243; border_color=&#8221;#e4e4e4&#8243; padding_top=&#8221;88&#8243; z_index=&#8221;&#8221; css=&#8221;.vc_custom_1515794080149{padding-top: 60px !important;padding-bottom: 20px !important;}&#8221;][vc_column width=&#8221;1\/2&#8243; css=&#8221;.vc_custom_1515793461052{margin-top: 60px !important;}&#8221;]<\/p>\n<p>[vc_column_text]<\/p>\n<h2 style=\"text-align: center;\">Zona De Influencia<\/h2>\n<p>[\/vc_column_text][vc_separator type=&#8221;normal&#8221; color=&#8221;#000000&#8243; up=&#8221;10&#8243; down=&#8221;20&#8243;]<\/p>\n<p>[vc_single_image image=&#8221;17239&#8243; img_size=&#8221;full&#8221; alignment=&#8221;center&#8221; qode_css_animation=&#8221;element_from_fade&#8221; transition_delay=&#8221;0.4&#8243;][\/vc_column][vc_column width=&#8221;1\/2&#8243;]<\/p>\n<p>[vc_row css_animation=&#8221;&#8221; row_type=&#8221;row&#8221;\u00a0 \u00a0use_row_as_full_screen_section=&#8221;no&#8221; type=&#8221;grid&#8221; angled_section=&#8221;no&#8221; text_align=&#8221;left&#8221; background_image_as_pattern=&#8221;without_pattern&#8221; background_color=&#8221;#f8f8f8&#8243; border_color=&#8221;#e4e4e4&#8243; padding_top=&#8221;88&#8243; z_index=&#8221;&#8221; css=&#8221;.vc_custom_1515794080149{padding-top: 60px !important;padding-bottom: 20px !important;}&#8221;]<\/p>\n<p>[vc_column width=&#8221;1\/1&#8243;]<\/p>\n<p>[vc_column_text]<\/p>\n<h3 style=\"text-align: center;\"><strong><b><i>Descarga: Los Programas De Inversi\u00f3n<\/i><\/b><\/strong><\/h3>\n<p>[\/vc_column_text][vc_separator type=&#8221;normal&#8221; color=&#8221;#000000&#8243; up=&#8221;10&#8243; down=&#8221;20&#8243;]<\/p>\n<p>[\/vc_column][vc_column width=&#8221;1\/4&#8243;]<\/p>\n<p><a href=\"https:\/\/www.gob.mx\/conafor\/documentos\/ire-programas-de-inversion-jalisco-jicosur\"><div class=\"qode-crossfade-images\" >\n\t\t<div class=\"qode-cfi-img-holder\" \n\t\t\tstyle=\"\tmax-height:1033px;\n\t\t\t\t\tbackground-color: ;\n\t\t\t\">\n\t\t<div class=\"qode-cfi-img-holder-inner\">\n\t\t\t<img decoding=\"async\" src=\"https:\/\/app.semadet.jalisco.gob.mx\/redd\/wp-content\/uploads\/2019\/11\/JICOSUR-1.png\" alt=\"initial image\" \/>\n\t\t\t<div class=\"qodef-cfi-image-hover qode-lazy-image\" data-image=\"https:\/\/app.semadet.jalisco.gob.mx\/redd\/wp-content\/uploads\/2019\/11\/JICOSUR-1.png\" data-lazy='true'><\/div>\n\t\t<\/div>\n\t<\/div>\n\t<\/div><\/a><\/p>\n<p>[vc_column_text]<\/p>\n<h2><\/h2>\n<p>[\/vc_column_text]<\/p>\n<p>[\/vc_column]<\/p>\n<p>[vc_column width=&#8221;1\/4&#8243;]<\/p>\n<p><a href=\"https:\/\/www.gob.mx\/conafor\/documentos\/ire-programas-de-inversion-jalisco-jalisco-jira?state=draft\" target=\"_blank\" rel=\"noopener noreferrer\"><div class=\"qode-crossfade-images\" >\n\t\t<div class=\"qode-cfi-img-holder\" \n\t\t\tstyle=\"\tmax-height:1033px;\n\t\t\t\t\tbackground-color: ;\n\t\t\t\">\n\t\t<div class=\"qode-cfi-img-holder-inner\">\n\t\t\t<img decoding=\"async\" src=\"https:\/\/app.semadet.jalisco.gob.mx\/redd\/wp-content\/uploads\/2019\/11\/JIRA-1.png\" alt=\"initial image\" \/>\n\t\t\t<div class=\"qodef-cfi-image-hover qode-lazy-image\" data-image=\"https:\/\/app.semadet.jalisco.gob.mx\/redd\/wp-content\/uploads\/2019\/11\/JIRA-1.png\" data-lazy='true'><\/div>\n\t\t<\/div>\n\t<\/div>\n\t<\/div><\/a><\/p>\n<p>[vc_column_text]<\/p>\n<h2><\/h2>\n<p>[\/vc_column_text]<\/p>\n<p>[\/vc_column]<\/p>\n<p>[vc_column width=&#8221;1\/4&#8243;]<\/p>\n<p><a href=\"http:\/\/www.conafor.gob.mx:8080\/documentos\/ver.aspx?grupo=35&amp;articulo=6924\"><div class=\"qode-crossfade-images\" >\n\t\t<div class=\"qode-cfi-img-holder\" \n\t\t\tstyle=\"\tmax-height:1033px;\n\t\t\t\t\tbackground-color: ;\n\t\t\t\">\n\t\t<div class=\"qode-cfi-img-holder-inner\">\n\t\t\t<img decoding=\"async\" src=\"https:\/\/app.semadet.jalisco.gob.mx\/redd\/wp-content\/uploads\/2019\/11\/JISOC.png\" alt=\"initial image\" \/>\n\t\t\t<div class=\"qodef-cfi-image-hover qode-lazy-image\" data-image=\"https:\/\/app.semadet.jalisco.gob.mx\/redd\/wp-content\/uploads\/2019\/11\/JISOC.png\" data-lazy='true'><\/div>\n\t\t<\/div>\n\t<\/div>\n\t<\/div><\/a><\/p>\n<p>[vc_column_text]<\/p>\n<h2><\/h2>\n<p>[\/vc_column_text]<\/p>\n<p>[\/vc_column]<\/p>\n<p>[vc_column width=&#8221;1\/4&#8243;]<\/p>\n<p><a href=\"https:\/\/www.gob.mx\/conafor\/documentos\/ire-programas-de-inversion-jalisco-jirco\"><div class=\"qode-crossfade-images\" >\n\t\t<div class=\"qode-cfi-img-holder\" \n\t\t\tstyle=\"\tmax-height:1033px;\n\t\t\t\t\tbackground-color: ;\n\t\t\t\">\n\t\t<div class=\"qode-cfi-img-holder-inner\">\n\t\t\t<img decoding=\"async\" src=\"https:\/\/app.semadet.jalisco.gob.mx\/redd\/wp-content\/uploads\/2019\/11\/JIRCO-1.png\" alt=\"initial image\" \/>\n\t\t\t<div class=\"qodef-cfi-image-hover qode-lazy-image\" data-image=\"https:\/\/app.semadet.jalisco.gob.mx\/redd\/wp-content\/uploads\/2019\/11\/JIRCO-1.png\" data-lazy='true'><\/div>\n\t\t<\/div>\n\t<\/div>\n\t<\/div><\/a><\/p>\n<p>[vc_column_text]<\/p>\n<h2><\/h2>\n<p>[\/vc_column_text]<\/p>\n<p>[\/vc_column]<\/p>\n<p>[\/vc_row]<\/p>\n<p>[vc_row css_animation=&#8221;&#8221; row_type=&#8221;row&#8221; use_row_as_full_screen_section=&#8221;no&#8221; type=&#8221;grid&#8221; angled_section=&#8221;no&#8221; text_align=&#8221;left&#8221; background_image_as_pattern=&#8221;without_pattern&#8221; background_color=&#8221;#f8f8f8&#8243; border_color=&#8221;#e4e4e4&#8243; padding_top=&#8221;88&#8243; z_index=&#8221;&#8221; css=&#8221;.vc_custom_1515794080149{padding-top: 60px !important;padding-bottom: 20px !important;}&#8221;]<\/p>\n<p>[vc_row css_animation=&#8221;&#8221; row_type=&#8221;row&#8221; use_row_as_full_screen_section=&#8221;no&#8221; type=&#8221;full_width&#8221; angled_section=&#8221;no&#8221; text_align=&#8221;left&#8221; background_image_as_pattern=&#8221;without_pattern&#8221; background_color=&#8221;#f8f8f8&#8243; border_color=&#8221;#eeeeee&#8221; padding_top=&#8221;33&#8243; padding_bottom=&#8221;36&#8243;][vc_column width=&#8221;1\/4&#8243;][\/vc_column][vc_column width=&#8221;1\/4&#8243;][vc_single_image image=&#8221;16506&#8243; img_size=&#8221;medium&#8221; alignment=&#8221;center&#8221; qode_css_animation=&#8221;&#8221;][\/vc_column][vc_column width=&#8221;1\/4&#8243;][vc_single_image image=&#8221;16942&#8243; img_size=&#8221;medium&#8221; alignment=&#8221;center&#8221; qode_css_animation=&#8221;&#8221;][\/vc_column][vc_column width=&#8221;1\/4&#8243;][\/vc_column][\/vc_row]<\/p>\n","protected":false},"excerpt":{"rendered":"<p>[vc_row css_animation=&#8221;&#8221; row_type=&#8221;row&#8221; use_row_as_full_screen_section=&#8221;no&#8221; type=&#8221;grid&#8221; angled_section=&#8221;no&#8221; text_align=&#8221;left&#8221; background_image_as_pattern=&#8221;without_pattern&#8221; background_color=&#8221;#ffffff&#8221; border_color=&#8221;#eeeeee&#8221; padding_top=&#8221;73&#8243; padding_bottom=&#8221;0&#8243; z_index=&#8221;&#8221; css=&#8221;.vc_custom_1516141048474{background-color: #f4f4f4 !important;}&#8221;][vc_column][vc_row_inner row_type=&#8221;row&#8221; type=&#8221;full_width&#8221; text_align=&#8221;left&#8221; css_animation=&#8221;&#8221;][vc_column_inner width=&#8221;1\/6&#8243;][\/vc_column_inner][vc_column_inner width=&#8221;2\/3&#8243;][vc_column_text] \u00a0Antecedentes REDD+ Jalisco(IRE) [\/vc_column_text][vc_separator type=&#8221;small&#8221; position=&#8221;center&#8221; color=&#8221;#000000&#8243; up=&#8221;20&#8243; down=&#8221;20&#8243;][vc_column_text] [\/vc_column_text][\/vc_column_inner] [vc_row css_animation=&#8221;&#8221; row_type=&#8221;row&#8221; use_row_as_full_screen_section=&#8221;no&#8221; type=&#8221;full_width&#8221; angled_section=&#8221;no&#8221; text_align=&#8221;left&#8221; background_image_as_pattern=&#8221;without_pattern&#8221; padding_bottom=&#8221;20&#8243; z_index=&#8221;&#8221;] [\/vc_column][\/vc_row][vc_row css_animation=&#8221;&#8221; row_type=&#8221;row&#8221;&#8230;<\/p>\n","protected":false},"author":2,"featured_media":0,"parent":0,"menu_order":0,"comment_status":"open","ping_status":"open","template":"full_width.php","meta":{"footnotes":""},"_links":{"self":[{"href":"https:\/\/app.semadet.jalisco.gob.mx\/redd\/wp-json\/wp\/v2\/pages\/17094"}],"collection":[{"href":"https:\/\/app.semadet.jalisco.gob.mx\/redd\/wp-json\/wp\/v2\/pages"}],"about":[{"href":"https:\/\/app.semadet.jalisco.gob.mx\/redd\/wp-json\/wp\/v2\/types\/page"}],"author":[{"embeddable":true,"href":"https:\/\/app.semadet.jalisco.gob.mx\/redd\/wp-json\/wp\/v2\/users\/2"}],"replies":[{"embeddable":true,"href":"https:\/\/app.semadet.jalisco.gob.mx\/redd\/wp-json\/wp\/v2\/comments?post=17094"}],"version-history":[{"count":133,"href":"https:\/\/app.semadet.jalisco.gob.mx\/redd\/wp-json\/wp\/v2\/pages\/17094\/revisions"}],"predecessor-version":[{"id":17720,"href":"https:\/\/app.semadet.jalisco.gob.mx\/redd\/wp-json\/wp\/v2\/pages\/17094\/revisions\/17720"}],"wp:attachment":[{"href":"https:\/\/app.semadet.jalisco.gob.mx\/redd\/wp-json\/wp\/v2\/media?parent=17094"}],"curies":[{"name":"wp","href":"https:\/\/api.w.org\/{rel}","templated":true}]}}