{"id":15694,"date":"2014-04-30T15:47:48","date_gmt":"2014-04-30T15:47:48","guid":{"rendered":"http:\/\/demo.qodeinteractive.com\/bridge3\/?page_id=15234"},"modified":"2024-10-25T15:20:34","modified_gmt":"2024-10-25T21:20:34","slug":"home","status":"publish","type":"page","link":"https:\/\/app.semadet.jalisco.gob.mx\/redd\/","title":{"rendered":"Inicio"},"content":{"rendered":"\n<p>[vc_row css_animation=&#8221;&#8221; row_type=&#8221;row&#8221; use_row_as_full_screen_section=&#8221;no&#8221; type=&#8221;full_width&#8221; angled_section=&#8221;no&#8221; text_align=&#8221;left&#8221; background_image_as_pattern=&#8221;without_pattern&#8221;][vc_column][rev_slider_vc alias=&#8221;home&#8221;][\/vc_column][\/vc_row]<\/p>\n\n\n<p>[vc_row css_animation=&#8221;&#8221; row_type=&#8221;row&#8221; use_row_as_full_screen_section=&#8221;no&#8221; type=&#8221;grid&#8221; angled_section=&#8221;no&#8221; text_align=&#8221;center&#8221; background_image_as_pattern=&#8221;without_pattern&#8221; background_color=&#8221;#ffffff&#8221; padding_top=&#8221;80&#8243; padding_bottom=&#8221;0&#8243; z_index=&#8221;&#8221;]<\/p>\n<h1 style=\"font-size:300%;\">JALISCO avanza en el combate a la deforestaci\u00f3n y degradaci\u00f3n forestal mediante la implementaci\u00f3n de la<\/h1>\n<p>[vc_column_text]<\/p>\n<h2 style=\"text-align: justify;\">\u00a0<b><br \/>\nEstrategia Estatal para la Reducci\u00f3n de Emisiones por Deforestaci\u00f3n y Degradaci\u00f3n Forestal.<\/b><\/h2>\n<p style=\"text-align: justify;\">La Estrategia Estatal para la Reducci\u00f3n de Emisiones por Deforestaci\u00f3n y Degradaci\u00f3n Forestal (EEREDD+), publicada en el a\u00f1o 2021, promueve la gesti\u00f3n sostenible de los bosques, su conservaci\u00f3n y el incremento de las reservas de carbono; es resultado de los esfuerzos de m\u00e1s de una d\u00e9cada de trabajo para el fortalecimiento de las acciones de mitigaci\u00f3n y adaptaci\u00f3n ante el cambio clim\u00e1tico y para la\u00a0 reducci\u00f3n de emisiones a nivel subnacional.<\/p>\n\n\n<p>[vc_row css_animation=&#8221;&#8221; row_type=&#8221;row&#8221; use_row_as_full_screen_section=&#8221;no&#8221; type=&#8221;grid&#8221; angled_section=&#8221;no&#8221; text_align=&#8221;center&#8221; background_image_as_pattern=&#8221;without_pattern&#8221; background_color=&#8221;#ffffff&#8221; padding_top=&#8221;80&#8243; padding_bottom=&#8221;0&#8243; z_index=&#8221;&#8221;]<\/p>\n<p>[vc_column_text]<\/p>\n<p style=\"text-align: justify;\">La EEREDD+ se integra por cinco componentes centrales, 12 l\u00edneas de acci\u00f3n, 76 acciones especificas a la par de acciones transversales. Los componentes, impulsan modelos de manejo integral del territorio, eficientes y bajos en emisiones; promueven pol\u00edticas equitativas y de distribuci\u00f3n de beneficios; facilitan el seguimiento y el cumplimiento de las salvaguardas; eval\u00faan y monitorean los riesgos ambientales; monitorean el avance del cumplimiento de metas.\n<\/p>\n<p>[\/vc_column_text]<\/p>\n<p style=\"text-align: center;\">[vc_separator type=&#8221;transparent&#8221; up=&#8221;45&#8243; down=&#8221;18&#8243;][vc_single_image image=&#8221;17801&#8243; img_size=&#8221;full&#8221; alignment=&#8221;center&#8221; qode_css_animation=&#8221;&#8221; qode_hover_animation=&#8221;zoom_in&#8221;]<br \/>\n[\/vc_row]<\/p>\n\n\n<p>[vc_row css_animation=&#8221;&#8221; row_type=&#8221;row&#8221; use_row_as_full_screen_section=&#8221;no&#8221; type=&#8221;grid&#8221; angled_section=&#8221;no&#8221; text_align=&#8221;center&#8221; background_image_as_pattern=&#8221;without_pattern&#8221; background_color=&#8221;#ffffff&#8221; padding_top=&#8221;80&#8243; padding_bottom=&#8221;0&#8243; z_index=&#8221;&#8221;]<\/p>\n<p>[vc_column_text]<\/p>\n<p style=\"text-align: justify;\">La EEREDD+ est\u00e1 alineada a los compromisos internacionales en materia de mitigaci\u00f3n y adaptaci\u00f3n al cambio clim\u00e1tico, tales como: el Acuerdo de Par\u00eds de la Convenci\u00f3n Marco de las Naciones Unidas sobre el Cambio Clim\u00e1tico (CMNUCC), los Objetivos de Desarrollo Sostenible (ODS) de la Agenda 2030 de las Naciones Unidas; adem\u00e1s est\u00e1 vinculada a los compromisos nacionales y estatales sobre cambio clim\u00e1tico.\n<\/p>\n<p>[\/vc_column_text]<\/p>\n<p style=\"text-align: center;\">[vc_separator type=&#8221;transparent&#8221; up=&#8221;45&#8243; down=&#8221;18&#8243;][vc_single_image image=&#8221;17810&#8243; img_size=&#8221;full&#8221; alignment=&#8221;center&#8221; qode_css_animation=&#8221;&#8221; qode_hover_animation=&#8221;zoom_in&#8221;]<br \/>\n[\/vc_row]<\/p>\n\n\n<p>[vc_row css_animation=&#8221;&#8221; row_type=&#8221;row&#8221; use_row_as_full_screen_section=&#8221;no&#8221; type=&#8221;grid&#8221; angled_section=&#8221;no&#8221; text_align=&#8221;center&#8221; background_image_as_pattern=&#8221;without_pattern&#8221; background_color=&#8221;#ffffff&#8221; padding_top=&#8221;80&#8243; padding_bottom=&#8221;0&#8243; z_index=&#8221;&#8221;]<\/p>\n<p>[vc_column_text]<\/p>\n<p style=\"text-align: justify;\">La lucha contra la deforestaci\u00f3n y el cambio clim\u00e1tico, implica la gesti\u00f3n de esfuerzos y el trabajo coordinado de diferentes sectores y actores, as\u00ed como la colaboraci\u00f3n interinstitucional en los tres \u00f3rdenes de gobierno, las organizaciones de la sociedad civil  y organismos internacionales; M\u00e9xico se ha comprometido en la lucha contra el cambio clim\u00e1tico; Jalisco por su parte, ha puesto el ejemplo de que el trabajo coordinado permite a los gobiernos subnacionales contribuir desde lo local, para alcanzar las metas globales, para esto sean constituido plataformas de colaboraci\u00f3n multidisciplinares y se han promovido las vinculaciones con socios estrat\u00e9gicos, que son clave para el desarrollo e implementaci\u00f3n de proyectos innovadores.\n<\/p>\n<p>[\/vc_column_text]<\/p>\n<p style=\"text-align: center;\">[vc_separator type=&#8221;transparent&#8221; up=&#8221;45&#8243; down=&#8221;18&#8243;][vc_single_image image=&#8221;17813&#8243; img_size=&#8221;full&#8221; alignment=&#8221;center&#8221; qode_css_animation=&#8221;&#8221; qode_hover_animation=&#8221;zoom_in&#8221;]<br \/>\n[\/vc_row]<\/p>\n\n\n<p>[vc_row css_animation=&#8221;&#8221; row_type=&#8221;row&#8221; use_row_as_full_screen_section=&#8221;no&#8221; type=&#8221;grid&#8221; angled_section=&#8221;no&#8221; text_align=&#8221;center&#8221; background_image_as_pattern=&#8221;without_pattern&#8221; background_color=&#8221;#ffffff&#8221; padding_top=&#8221;80&#8243; padding_bottom=&#8221;0&#8243; z_index=&#8221;&#8221;]<\/p>\n<p>[vc_column_text]<\/p>\n<p style=\"text-align: justify;\">Las acciones en el territorio consideran varias actividades,\u00a0entre las que se encuentran el manejo integrado del paisaje, el desarrollo forestal sustentable, el manejo integrado del fuego y los sistemas de producci\u00f3n agropecuarios libres de deforestaci\u00f3n; para esto se desarrollaron marcas de certificaci\u00f3n como: Agave Responsable Ambiental (ARA), Carne Libre Deforestaci\u00f3n y los Paisajes Bioculturales, modelos \u00fanicos en el pa\u00eds, gestionando la protecci\u00f3n y la valoraci\u00f3n de la naturaleza, a la par de conservar la cultura local, promoviendo cadenas productivas sostenibles. <\/p>\n<p>[\/vc_column_text]<\/p>\n<p style=\"text-align: center;\">[vc_separator type=&#8221;transparent&#8221; up=&#8221;45&#8243; down=&#8221;18&#8243;][vc_single_image image=&#8221;17816&#8243; img_size=&#8221;full&#8221; alignment=&#8221;center&#8221; qode_css_animation=&#8221;&#8221; qode_hover_animation=&#8221;zoom_in&#8221;]<br \/>\n[\/vc_row]<\/p>\n\n\n<p>[vc_row css_animation=&#8221;&#8221; row_type=&#8221;row&#8221; use_row_as_full_screen_section=&#8221;no&#8221; type=&#8221;grid&#8221; angled_section=&#8221;no&#8221; text_align=&#8221;center&#8221; background_image_as_pattern=&#8221;without_pattern&#8221; background_color=&#8221;#ffffff&#8221; padding_top=&#8221;80&#8243; padding_bottom=&#8221;0&#8243; z_index=&#8221;&#8221;]<\/p>\n<p>[vc_column_text]<\/p>\n<p style=\"text-align: justify;\"><b>La implementaci\u00f3n de las acciones, tienen un avance del 95% hasta septiembre de 2024; se han realizado 70 Acciones, y se tienen 6 en proceso.<br \/>\n<\/b><\/p>\n<p>[\/vc_column_text]<\/p>\n<p style=\"text-align: center;\">[vc_separator type=&#8221;transparent&#8221; up=&#8221;45&#8243; down=&#8221;18&#8243;][vc_single_image image=&#8221;17820&#8243; img_size=&#8221;full&#8221; alignment=&#8221;center&#8221; qode_css_animation=&#8221;&#8221; qode_hover_animation=&#8221;zoom_in&#8221;]<br \/>\n[\/vc_row]<\/p>\n\n\n\n<p>[vc_row css_animation=&#8221;&#8221; row_type=&#8221;row&#8221; use_row_as_full_screen_section=&#8221;no&#8221; type=&#8221;full_width&#8221; angled_section=&#8221;no&#8221; text_align=&#8221;left&#8221; background_image_as_pattern=&#8221;without_pattern&#8221; background_color=&#8221;#f8f8f8&#8243; border_color=&#8221;#eeeeee&#8221; padding_top=&#8221;33&#8243; padding_bottom=&#8221;36&#8243;][vc_column width=&#8221;1\/4&#8243;][\/vc_column][vc_column width=&#8221;1\/4&#8243;][vc_single_image image=&#8221;16506&#8243; img_size=&#8221;medium&#8221; alignment=&#8221;center&#8221; qode_css_animation=&#8221;&#8221;][\/vc_column][vc_column width=&#8221;1\/4&#8243;][vc_single_image image=&#8221;16942&#8243; img_size=&#8221;medium&#8221; alignment=&#8221;center&#8221; qode_css_animation=&#8221;&#8221;][\/vc_column][vc_column width=&#8221;1\/4&#8243;][\/vc_column][\/vc_row]<\/p>\n","protected":false},"excerpt":{"rendered":"<p>[vc_row css_animation=&#8221;&#8221; row_type=&#8221;row&#8221; use_row_as_full_screen_section=&#8221;no&#8221; type=&#8221;full_width&#8221; angled_section=&#8221;no&#8221; text_align=&#8221;left&#8221; background_image_as_pattern=&#8221;without_pattern&#8221;][vc_column][rev_slider_vc alias=&#8221;home&#8221;][\/vc_column][\/vc_row] [vc_row css_animation=&#8221;&#8221; row_type=&#8221;row&#8221; use_row_as_full_screen_section=&#8221;no&#8221; type=&#8221;full_width&#8221; angled_section=&#8221;no&#8221; text_align=&#8221;left&#8221; background_image_as_pattern=&#8221;without_pattern&#8221; background_color=&#8221;#f8f8f8&#8243; border_color=&#8221;#eeeeee&#8221; padding_top=&#8221;33&#8243; padding_bottom=&#8221;36&#8243;][vc_column width=&#8221;1\/4&#8243;][\/vc_column][vc_column width=&#8221;1\/4&#8243;][vc_single_image image=&#8221;16506&#8243; img_size=&#8221;medium&#8221; alignment=&#8221;center&#8221; qode_css_animation=&#8221;&#8221;][\/vc_column][vc_column width=&#8221;1\/4&#8243;][vc_single_image image=&#8221;16942&#8243; img_size=&#8221;medium&#8221; alignment=&#8221;center&#8221; qode_css_animation=&#8221;&#8221;][\/vc_column][vc_column width=&#8221;1\/4&#8243;][\/vc_column][\/vc_row]<\/p>\n","protected":false},"author":1,"featured_media":0,"parent":0,"menu_order":0,"comment_status":"open","ping_status":"open","template":"full_width.php","meta":{"footnotes":""},"_links":{"self":[{"href":"https:\/\/app.semadet.jalisco.gob.mx\/redd\/wp-json\/wp\/v2\/pages\/15694"}],"collection":[{"href":"https:\/\/app.semadet.jalisco.gob.mx\/redd\/wp-json\/wp\/v2\/pages"}],"about":[{"href":"https:\/\/app.semadet.jalisco.gob.mx\/redd\/wp-json\/wp\/v2\/types\/page"}],"author":[{"embeddable":true,"href":"https:\/\/app.semadet.jalisco.gob.mx\/redd\/wp-json\/wp\/v2\/users\/1"}],"replies":[{"embeddable":true,"href":"https:\/\/app.semadet.jalisco.gob.mx\/redd\/wp-json\/wp\/v2\/comments?post=15694"}],"version-history":[{"count":171,"href":"https:\/\/app.semadet.jalisco.gob.mx\/redd\/wp-json\/wp\/v2\/pages\/15694\/revisions"}],"predecessor-version":[{"id":17822,"href":"https:\/\/app.semadet.jalisco.gob.mx\/redd\/wp-json\/wp\/v2\/pages\/15694\/revisions\/17822"}],"wp:attachment":[{"href":"https:\/\/app.semadet.jalisco.gob.mx\/redd\/wp-json\/wp\/v2\/media?parent=15694"}],"curies":[{"name":"wp","href":"https:\/\/api.w.org\/{rel}","templated":true}]}}