{"id":13396,"date":"2014-03-24T10:54:51","date_gmt":"2014-03-24T10:54:51","guid":{"rendered":"http:\/\/demo.qodeinteractive.com\/bridge3\/?page_id=13396"},"modified":"2023-03-31T16:49:54","modified_gmt":"2023-03-31T22:49:54","slug":"redd-mas","status":"publish","type":"page","link":"https:\/\/app.semadet.jalisco.gob.mx\/redd\/redd-mas\/","title":{"rendered":"REDD+"},"content":{"rendered":"<p>[vc_row css_animation=&#8221;&#8221; row_type=&#8221;row&#8221; use_row_as_full_screen_section=&#8221;no&#8221; type=&#8221;grid&#8221; angled_section=&#8221;no&#8221; text_align=&#8221;left&#8221; background_image_as_pattern=&#8221;without_pattern&#8221; background_color=&#8221;#ffffff&#8221; border_color=&#8221;#eeeeee&#8221; padding_top=&#8221;73&#8243; padding_bottom=&#8221;0&#8243; z_index=&#8221;&#8221; css=&#8221;.vc_custom_1516141048474{background-color: #f4f4f4 !important;}&#8221;][vc_column][vc_row_inner row_type=&#8221;row&#8221; type=&#8221;full_width&#8221; text_align=&#8221;left&#8221; css_animation=&#8221;&#8221;][vc_column_inner width=&#8221;1\/6&#8243;][\/vc_column_inner][vc_column_inner width=&#8221;2\/3&#8243;][vc_column_text]<\/p>\n<h2 style=\"text-align: center;\">EEREDD+<\/h2>\n<p>[\/vc_column_text][vc_separator type=&#8221;small&#8221; position=&#8221;center&#8221; color=&#8221;#000000&#8243; up=&#8221;20&#8243; down=&#8221;20&#8243;][vc_column_text]<\/p>\n<p style=\"text-align: center;\"> <strong><\/strong><\/p>\n<p><strong><br \/>\n[\/vc_column_text][\/vc_column_inner][vc_column_inner width=&#8221;1\/6&#8243;][\/vc_column_inner][\/vc_row_inner][vc_row_inner row_type=&#8221;row&#8221; type=&#8221;full_width&#8221; text_align=&#8221;left&#8221; css_animation=&#8221;&#8221;][vc_column_inner width=&#8221;1\/6&#8243;][\/vc_column_inner][vc_column_inner width=&#8221;2\/3&#8243;][\/vc_column_inner][vc_column_inner width=&#8221;1\/6&#8243;][\/vc_column_inner][\/vc_row_inner][\/vc_column][\/vc_row]<\/strong><\/p>\n\n\n\n<p>[vc_row css_animation=&#8221;&#8221; row_type=&#8221;row&#8221; use_row_as_full_screen_section=&#8221;no&#8221; type=&#8221;grid&#8221; angled_section=&#8221;no&#8221; text_align=&#8221;center&#8221; background_image_as_pattern=&#8221;without_pattern&#8221; background_color=&#8221;#ffffff&#8221; border_color=&#8221;#eeeeee&#8221; padding_top=&#8221;40&#8243; padding_bottom=&#8221;40&#8243; z_index=&#8221;&#8221; css=&#8221;.vc_custom_1516231763218{background-color: #f4f4f4 !important;}&#8221;][vc_column][vc_single_image image=&#8221;17259&#8243; img_size=&#8221;full&#8221; alignment=&#8221;center&#8221; qode_css_animation=&#8221;&#8221; qode_hover_animation=&#8221;zoom_in&#8221;][\/vc_column][\/vc_row]<\/p>\n\n\n<p>[vc_row css_animation=&#8221;&#8221; row_type=&#8221;row&#8221; use_row_as_full_screen_section=&#8221;no&#8221; type=&#8221;grid&#8221; angled_section=&#8221;no&#8221; text_align=&#8221;center&#8221; background_image_as_pattern=&#8221;without_pattern&#8221; background_color=&#8221;#ffffff&#8221; padding_top=&#8221;80&#8243; padding_bottom=&#8221;0&#8243; z_index=&#8221;&#8221;][vc_column width=&#8221;1\/2&#8243;]<div class=\"qode-accordion-holder clearfix qode-accordion qode-initial \">\n\t<h6 class=\"clearfix qode-title-holder\">\n<span class=\"qode-tab-title\">\n\t    <span class=\"qode-tab-title-inner\">\n        \u00bfQu\u00e9 es la EEREDD+?    <\/span>\n<\/span>\n<span class=\"qode-accordion-mark\">\n    <span class=\"qode-accordion-mark-icon\">\n        <span class=\"icon_plus\"><\/span>\n        <span class=\"icon_minus-06\"><\/span>\n    <\/span>\n<\/span>\n<\/h6>\n<div class=\"qode-accordion-content \" >\n    <div class=\"qode-accordion-content-inner\">\n        [vc_column_text]<\/p>\n<div id=\"tab-que-es-eredd-156\" class=\"qode-advanced-tab-container ui-tabs-panel ui-widget-content ui-corner-bottom\" role=\"tabpanel\" data-icon-pack=\"\" data-icon-html=\"\" aria-labelledby=\"ui-id-3\" aria-hidden=\"false\">\n<div class=\"wpb_text_column wpb_content_element \">\n<div class=\"wpb_wrapper\">\n<p style=\"text-align: justify;font-family: 'Montserrat', sans-serif;\">El Gobierno del Estado comenz\u00f3 el proceso de elaboraci\u00f3n de la Estrategia Estatal REDD+ de Jalisco (EEREDD+ de Jalisco) en 2016 que incluy\u00f3 la realizaci\u00f3n de talleres de planeaci\u00f3n para considerar la participaci\u00f3n de un grupo multidisciplinario conformado por distintos sectores de gobierno y de la sociedad civil.<\/p>\n<p style=\"text-align: left;\">El papel de la EEREDD+ de Jalisco es servir de instrumento de planeaci\u00f3n estatal, identificando los avances, vac\u00edos y oportunidades para la implementaci\u00f3n de REDD+ en el Estado y estableciendo metas, objetivos y l\u00edneas de acci\u00f3n que sirvan de marco estrat\u00e9gico para generar la implementaci\u00f3n de REDD+ de acuerdo a las particularidades sociales, econ\u00f3micas y jur\u00eddicas de la entidad.<\/p>\n<\/div>\n<\/div>\n<\/div>\n<p>[\/vc_column_text]    <\/div>\n<\/div><h6 class=\"clearfix qode-title-holder\">\n<span class=\"qode-tab-title\">\n\t    <span class=\"qode-tab-title-inner\">\n        Objetivo    <\/span>\n<\/span>\n<span class=\"qode-accordion-mark\">\n    <span class=\"qode-accordion-mark-icon\">\n        <span class=\"icon_plus\"><\/span>\n        <span class=\"icon_minus-06\"><\/span>\n    <\/span>\n<\/span>\n<\/h6>\n<div class=\"qode-accordion-content \" >\n    <div class=\"qode-accordion-content-inner\">\n        [vc_column_text]<\/p>\n<p style=\"text-align: justify;\">\u201cReducir las emisiones de gases de efecto invernadero por deforestaci\u00f3n y degradaci\u00f3n en los ecosistemas forestales de Jalisco, contribuyendo a conservar e incrementar los reservorios y sumideros de carbono, la biodiversidad y la calidad de vida de las comunidades, mediante el manejo forestal, actividades productivas y alineaci\u00f3n de pol\u00edticas p\u00fablicas para un desarrollo rural sustentable\u201d.<\/p>\n<p>[\/vc_column_text]    <\/div>\n<\/div><\/div>[vc_separator type=&#8221;transparent&#8221; up=&#8221;35&#8243; down=&#8221;17&#8243;][\/vc_column][vc_column width=&#8221;1\/2&#8243;]<div class=\"qode-crossfade-images\" >\n\t\t<div class=\"qode-cfi-img-holder\" \n\t\t\tstyle=\"\tmax-height:853px;\n\t\t\t\t\tbackground-color: ;\n\t\t\t\">\n\t\t<div class=\"qode-cfi-img-holder-inner\">\n\t\t\t<img decoding=\"async\" src=\"https:\/\/app.semadet.jalisco.gob.mx\/redd\/wp-content\/uploads\/2019\/12\/CTC-2.jpg\" alt=\"initial image\" \/>\n\t\t\t<div class=\"qodef-cfi-image-hover qode-lazy-image\" data-image=\"https:\/\/app.semadet.jalisco.gob.mx\/redd\/wp-content\/uploads\/2019\/12\/Pr\u00e1ctica-BIOCOMUNI.jpeg\" data-lazy='true'><\/div>\n\t\t<\/div>\n\t<\/div>\n\t<\/div>[\/vc_column][\/vc_row]<\/p>\n\n\n<p>[vc_row css_animation=&#8221;&#8221; row_type=&#8221;row&#8221; use_row_as_full_screen_section=&#8221;no&#8221; type=&#8221;grid&#8221; angled_section=&#8221;no&#8221; text_align=&#8221;left&#8221; background_image_as_pattern=&#8221;without_pattern&#8221; padding_top=&#8221;40&#8243; padding_bottom=&#8221;40&#8243; z_index=&#8221;&#8221;][vc_column width=&#8221;1\/2&#8243;]<div class=\"qode-crossfade-images\" >\n\t\t<div class=\"qode-cfi-img-holder\" \n\t\t\tstyle=\"\tmax-height:853px;\n\t\t\t\t\tbackground-color: ;\n\t\t\t\">\n\t\t<div class=\"qode-cfi-img-holder-inner\">\n\t\t\t<img decoding=\"async\" src=\"https:\/\/app.semadet.jalisco.gob.mx\/redd\/wp-content\/uploads\/2019\/12\/CTC-REDD.jpg\" alt=\"initial image\" \/>\n\t\t\t<div class=\"qodef-cfi-image-hover qode-lazy-image\" data-image=\"https:\/\/app.semadet.jalisco.gob.mx\/redd\/wp-content\/uploads\/2019\/12\/San-miguel-Huixtita-.jpg\" data-lazy='true'><\/div>\n\t\t<\/div>\n\t<\/div>\n\t<\/div>[\/vc_column][vc_column width=&#8221;1\/2&#8243;][vc_column_text]<\/p>\n<h4 style=\"text-align: left;\">Principios<\/h4>\n<p>[\/vc_column_text][vc_separator type=&#8221;small&#8221; position=&#8221;left&#8221; up=&#8221;20&#8243; down=&#8221;20&#8243;]<div class=\"q_icon_list\"><i class=\"qode_icon_font_awesome fa fa-circle qode-ili-icon-holder transparent\" style=\"font-size: 11pxpx;color: #303030;\" ><\/i><p style=\"color:#303030;font-weight: 400;\">Ser dise\u00f1ada con base en necesidades locales.<\/p><\/div><div class=\"q_icon_list\"><i class=\"qode_icon_font_awesome fa fa-circle qode-ili-icon-holder transparent\" style=\"font-size: 10pxpx;color: #303030;\" ><\/i><p style=\"color:#303030;font-weight: 400;\">Inclusi\u00f3n y equidad (territorial, cultural, social y de g\u00e9nero).<\/p><\/div><div class=\"q_icon_list\"><i class=\"qode_icon_font_awesome fa fa-circle qode-ili-icon-holder transparent\" style=\"font-size: 10pxpx;color: #303030;\" ><\/i><p style=\"color:#303030;font-weight: 400;\">Pluralidad y participaci\u00f3n real y activa de actores clave<\/p><\/div><div class=\"q_icon_list\"><i class=\"qode_icon_font_awesome fa fa-circle qode-ili-icon-holder transparent\" style=\"font-size: 10pxpx;color: #303030;\" ><\/i><p style=\"color:#303030;font-weight: 400;\">Transparencia y legalidad.<\/p><\/div><div class=\"q_icon_list\"><i class=\"qode_icon_font_awesome fa fa-circle qode-ili-icon-holder transparent\" style=\"font-size: 10pxpx;color: #303030;\" ><\/i><p style=\"color:#303030;font-weight: 400;\">Transversalidad, integralidad, coordinaci\u00f3n y complementariedad (sectorial y entre \u00f3rdenes de gobierno).<\/p><\/div><div class=\"q_icon_list\"><i class=\"qode_icon_font_awesome fa fa-circle qode-ili-icon-holder transparent\" style=\"font-size: 10pxpx;color: #303030;\" ><\/i><p style=\"color:#303030;font-weight: 400;\">Distribuci\u00f3n equitativa de beneficios.<\/p><\/div><div class=\"q_icon_list\"><i class=\"qode_icon_font_awesome fa fa-circle qode-ili-icon-holder transparent\" style=\"font-size: 10pxpx;color: #303030;\" ><\/i><p style=\"color:#303030;font-weight: 400;\">Certidumbre y respeto a los derechos de uso, gozo y propiedad de los bosques.<\/p><\/div><div class=\"q_icon_list\"><i class=\"qode_icon_font_awesome fa fa-circle qode-ili-icon-holder transparent\" style=\"font-size: 10pxpx;color: #303030;\" ><\/i><p style=\"color:#303030;font-weight: 400;\">Consentimiento libre, previo e informado de las comunidades<\/p><\/div><div class=\"q_icon_list\"><i class=\"qode_icon_font_awesome fa fa-circle qode-ili-icon-holder transparent\" style=\"font-size: 1pxpx;color: #303030;\" ><\/i><p style=\"color:#303030;font-weight: 400;\">Impulso y respeto a econom\u00edas rurales asociadas al bosque, incluyendo la de empresas forestales comunitarias.<\/p><\/div>[\/vc_column][\/vc_row]<\/p>\n\n\n<p>[vc_row css_animation=&#8221;&#8221; row_type=&#8221;row&#8221; use_row_as_full_screen_section=&#8221;no&#8221; type=&#8221;grid&#8221; angled_section=&#8221;no&#8221; text_align=&#8221;left&#8221; background_image_as_pattern=&#8221;without_pattern&#8221; padding_top=&#8221;20&#8243; padding_bottom=&#8221;20&#8243; z_index=&#8221;&#8221; css=&#8221;.vc_custom_1520287709152{background-color: #f4f4f4 !important;}&#8221;][vc_column][vc_column_text]<\/p>\n<h2 style=\"text-align: center;\">Metas de la EEREDD+ al 2030<\/h2>\n<p>[\/vc_column_text][vc_separator type=&#8221;small&#8221; position=&#8221;center&#8221; up=&#8221;20&#8243; down=&#8221;20&#8243;][vc_row_inner row_type=&#8221;row&#8221; type=&#8221;grid&#8221; text_align=&#8221;left&#8221; css_animation=&#8221;&#8221;]<div class='q_list circle animate_list'><\/p>\n<ul>\n<li style=\"text-align: Justify;font-family: 'Montserrat', sans-serif;\">Alcanzar una tasa 0%  de deforestaci\u00f3n neta en ecosistemas forestales de Jalisco mediante acciones que promuevan la conservaci\u00f3n, el manejo integral del territorio y el desarrollo rural sustentable<\/li>\n<li style=\"text-align: left;font-family: 'Montserrat', sans-serif;\">Aumentar por lo menos en 200% la superficie bajo manejo forestal sustentable, pasando de 34 mil 951 ha de superficie a m\u00ednimo 104 mil 853 ha<\/li>\n<li style=\"text-align: left;font-family: 'Montserrat', sans-serif;\">Aumentar por lo menos 25 por ciento las \u00e1reas de conservaci\u00f3n en la superficie continental y litoral, pasando de 936 mil 170 ha a m\u00ednimo 1 mill\u00f3n 170 mil 212 ha.<\/li>\n<li style=\"text-align: left;font-family: 'Montserrat', sans-serif;\">Alcanzar las 40 mil hect\u00e1reas bajo esquemas de restauraci\u00f3n productiva y ecol\u00f3gica del paisaje forestal en \u00e1reas degradadas.  <\/li>\n<li style=\"text-align: left;font-family: 'Montserrat', sans-serif;\">Articular instrumentos de pol\u00edtica p\u00fablica de los principales sectores que inciden en la deforestaci\u00f3n y degradaci\u00f3n de los ecosistemas forestales para fomentar la conservaci\u00f3n y la producci\u00f3n sustentable<\/li>\n<h2 style=\"text-align: center;font-family: 'Montserrat', sans-serif;\">Meta de la EEREDD+ de Jalisco para 2040:<\/h2>\n<li style=\"text-align: left;font-family: 'Montserrat', sans-serif;\">Reducir las emisiones de gases de efecto invernadero derivados de la degradaci\u00f3n forestal y deforestaci\u00f3n un 90 por ciento con respecto al nivel de referencia que se determine para el Estad<\/li>\n<\/ul>\n<p><\/div><div class=\"qode-crossfade-images\" >\n\t\t<div class=\"qode-cfi-img-holder\" \n\t\t\tstyle=\"\tmax-height:581px;\n\t\t\t\t\tbackground-color: ;\n\t\t\t\">\n\t\t<div class=\"qode-cfi-img-holder-inner\">\n\t\t\t<img decoding=\"async\" src=\"https:\/\/app.semadet.jalisco.gob.mx\/redd\/wp-content\/uploads\/2019\/12\/agicultura-con-arboles.jpeg\" alt=\"initial image\" \/>\n\t\t\t<div class=\"qodef-cfi-image-hover qode-lazy-image\" data-image=\"https:\/\/app.semadet.jalisco.gob.mx\/redd\/wp-content\/uploads\/2019\/12\/Imagen-Bonete.jpeg\" data-lazy='true'><\/div>\n\t\t<\/div>\n\t<\/div>\n\t<\/div>[\/vc_row_inner][\/vc_column][\/vc_row]<\/p>\n\n\n<p>[vc_row css_animation=&#8221;&#8221; row_type=&#8221;row&#8221; use_row_as_full_screen_section=&#8221;no&#8221; type=&#8221;full_width&#8221; angled_section=&#8221;no&#8221; text_align=&#8221;left&#8221; background_image_as_pattern=&#8221;without_pattern&#8221; padding_bottom=&#8221;20&#8243; z_index=&#8221;&#8221;][vc_column][vc_column_text]<\/p>\n<h2 style=\"text-align: center;\">Componentes<\/h2>\n<p>[\/vc_column_text][vc_separator type=&#8221;small&#8221; position=&#8221;center&#8221; up=&#8221;20&#8243; down=&#8221;20&#8243;][\/vc_column][\/vc_row]<\/p>\n\n\n<p>[vc_row css_animation=&#8221;&#8221; row_type=&#8221;row&#8221; use_row_as_full_screen_section=&#8221;no&#8221; type=&#8221;grid&#8221; angled_section=&#8221;no&#8221; text_align=&#8221;left&#8221; background_image_as_pattern=&#8221;without_pattern&#8221; background_color=&#8221;#ffffff&#8221;][vc_column width=&#8221;1\/3&#8243;][vc_row_inner row_type=&#8221;row&#8221; use_as_box=&#8221;use_row_as_box&#8221; type=&#8221;full_width&#8221; text_align=&#8221;left&#8221; css_animation=&#8221;&#8221; padding=&#8221;10&#8243;][vc_column_inner][vc_column_text]<\/p>\n<h5>Acciones para REDD+ en el territorio<\/h5>\n<p>[\/vc_column_text][vc_separator type=&#8221;transparent&#8221; up=&#8221;6&#8243; down=&#8221;6&#8243;][vc_column_text]<\/p>\n<p style=\"text-align: justify;\">Impulsar sistemas de manejo integral del territorio, bajos en emisiones y eficientes para el contexto eco-sist\u00e9mico donde ocurren, que contribuyan a mejorar el bienestar social y la econom\u00eda de los due\u00f1os y poseedores de la tierra, avecindados, mujeres, j\u00f3venes, pueblos y comunidades ind\u00edgenas y afrodescendientes, asegurando la conservaci\u00f3n de recursos naturales, la biodiversidad y los servicios ambientales de Jalisco.<\/p>\n<p>[\/vc_column_text][\/vc_column_inner][\/vc_row_inner][vc_separator type=&#8221;transparent&#8221; up=&#8221;39&#8243; down=&#8221;0&#8243;][\/vc_column][vc_column width=&#8221;1\/3&#8243;][vc_row_inner row_type=&#8221;row&#8221; use_as_box=&#8221;use_row_as_box&#8221; type=&#8221;full_width&#8221; text_align=&#8221;left&#8221; css_animation=&#8221;&#8221; padding=&#8221;10&#8243;][vc_column_inner][vc_column_text]<\/p>\n<h5>Arquitectura financiera y distribuci\u00f3n de beneficios<\/h5>\n<p>[\/vc_column_text][vc_separator type=&#8221;transparent&#8221; up=&#8221;6&#8243; down=&#8221;6&#8243;][vc_column_text]<\/p>\n<p style=\"text-align: justify;\">Dise\u00f1ar y fortalecer una arquitectura financiera eficiente que facilite y promueva la implementaci\u00f3n de la pol\u00edtica y acciones para REDD+, garantizando una distribuci\u00f3n equitativa de los beneficios derivados de \u00e9stas.<br \/>\n.<\/p>\n<p>[\/vc_column_text][\/vc_column_inner][\/vc_row_inner][vc_separator type=&#8221;transparent&#8221; up=&#8221;39&#8243; down=&#8221;0&#8243;][\/vc_column][vc_column width=&#8221;1\/3&#8243;][vc_row_inner row_type=&#8221;row&#8221; use_as_box=&#8221;use_row_as_box&#8221; type=&#8221;full_width&#8221; text_align=&#8221;left&#8221; css_animation=&#8221;&#8221; padding=&#8221;10&#8243;][vc_column_inner][vc_column_text]<\/p>\n<h5>Monitoreo, Reporte y Verificaci\u00f3n y Nivel de Referencia Estatal   <\/h5>\n<p>[\/vc_column_text][vc_separator type=&#8221;transparent&#8221; up=&#8221;6&#8243; down=&#8221;6&#8243;][vc_column_text]<\/p>\n<p style=\"text-align: justify;\">Realizar el Monitoreo, Reporte y Verificaci\u00f3n (MRV) y el nivel de referencia de emisiones forestales para REDD+ a nivel estatal, de manera que faciliten el seguimiento y evaluaci\u00f3n de las metas de la EEREDD+, proporcionen informaci\u00f3n \u00fatil para el dise\u00f1o, implementaci\u00f3n, retroalimentaci\u00f3n y evaluaci\u00f3n de la pol\u00edtica REDD+ estatal y provean datos relevantes para la implementaci\u00f3n de las salvaguardas de REDD+ <\/p>\n<p>[\/vc_column_text][\/vc_column_inner][\/vc_row_inner][vc_separator type=&#8221;transparent&#8221; up=&#8221;39&#8243; down=&#8221;0&#8243;][\/vc_column][\/vc_row]<\/p>\n\n\n<p>[vc_row css_animation=&#8221;&#8221; row_type=&#8221;row&#8221; use_row_as_full_screen_section=&#8221;no&#8221; type=&#8221;grid&#8221; angled_section=&#8221;no&#8221; text_align=&#8221;left&#8221; background_image_as_pattern=&#8221;without_pattern&#8221; background_color=&#8221;#ffffff&#8221; border_color=&#8221;#eeeeee&#8221; padding_bottom=&#8221;50&#8243;][vc_column width=&#8221;1\/3&#8243;][vc_row_inner row_type=&#8221;row&#8221; use_as_box=&#8221;use_row_as_box&#8221; type=&#8221;full_width&#8221; text_align=&#8221;left&#8221; css_animation=&#8221;&#8221; padding=&#8221;10&#8243;][vc_column_inner][vc_column_text]<\/p>\n<h5>Salvaguardas sociales y ambientales<\/h5>\n<p>[\/vc_column_text][vc_separator type=&#8221;transparent&#8221; up=&#8221;6&#8243; down=&#8221;6&#8243;][vc_column_text]<\/p>\n<p style=\"text-align: justify;\">Asegurar el abordaje y respeto de las salvaguardas REDD+ en el Estado de Jalisco para evitar y mitigar riesgos sociales y ambientales durante el dise\u00f1o e implementaci\u00f3n de acciones REDD+, as\u00ed como para potenciar los beneficios que se generen.<\/p>\n<p>[\/vc_column_text][\/vc_column_inner][\/vc_row_inner][vc_separator type=&#8221;transparent&#8221; up=&#8221;39&#8243; down=&#8221;0&#8243;][\/vc_column][vc_column width=&#8221;1\/3&#8243;][vc_row_inner row_type=&#8221;row&#8221; use_as_box=&#8221;use_row_as_box&#8221; type=&#8221;full_width&#8221; text_align=&#8221;left&#8221; css_animation=&#8221;&#8221; padding=&#8221;10&#8243;][vc_column_inner][vc_column_text]<\/p>\n<h5>Control y evaluaci\u00f3n de la EEREDD+.<\/h5>\n<p>[\/vc_column_text][vc_separator type=&#8221;transparent&#8221; up=&#8221;6&#8243; down=&#8221;6&#8243;][vc_column_text]<\/p>\n<p style=\"text-align: justify;\">Efectuar el control y evaluaci\u00f3n de la implementaci\u00f3n de esta EEREDD+ a fin de valorar sus resultados y retroalimentar la formulaci\u00f3n, instrumentaci\u00f3n y actualizaci\u00f3n de las acciones emprendidas para mejorar su pertinencia, eficacia y eficiencia, y alcanzar los objetivos y metas establecidas<\/p>\n<p>[\/vc_column_text][\/vc_column_inner][\/vc_row_inner]<br \/>\n[vc_separator type=&#8221;transparent&#8221; up=&#8221;39&#8243; down=&#8221;0&#8243;][\/vc_column][\/vc_row]<\/p>\n\n\n<p>[vc_row css_animation=&#8221;&#8221; row_type=&#8221;row&#8221; use_row_as_full_screen_section=&#8221;no&#8221; type=&#8221;grid&#8221; angled_section=&#8221;no&#8221; text_align=&#8221;left&#8221; background_image_as_pattern=&#8221;without_pattern&#8221; padding_top=&#8221;20&#8243; padding_bottom=&#8221;20&#8243; z_index=&#8221;&#8221; css=&#8221;.vc_custom_1520287709152{background-color: #f4f4f4 !important;}&#8221;][vc_column][vc_column_text]<\/p>\n<h2 style=\"text-align: center;\">Acciones transversales<\/h2>\n<p>[\/vc_column_text][vc_separator type=&#8221;small&#8221; position=&#8221;center&#8221; up=&#8221;20&#8243; down=&#8221;20&#8243;][vc_row_inner row_type=&#8221;row&#8221; type=&#8221;grid&#8221; text_align=&#8221;left&#8221; css_animation=&#8221;&#8221;]<div class='q_list circle animate_list'><\/p>\n<ul>\n<li style=\"text-align: left;\">Llevar a cabo los arreglos institucionales, el fortalecimiento de capacidades, las actividades educativas, de comunicaci\u00f3n, participaci\u00f3n, e implementar mecanismos transparentes y de acceso a la informaci\u00f3n, que sean el sustento en la implementaci\u00f3n de todos los componentes de la estrategia.  <\/li>\n<\/ul>\n<p><\/div><div class=\"qode-crossfade-images\" >\n\t\t<div class=\"qode-cfi-img-holder\" \n\t\t\tstyle=\"\tmax-height:581px;\n\t\t\t\t\tbackground-color: ;\n\t\t\t\">\n\t\t<div class=\"qode-cfi-img-holder-inner\">\n\t\t\t<img decoding=\"async\" src=\"https:\/\/app.semadet.jalisco.gob.mx\/redd\/wp-content\/uploads\/2019\/12\/agicultura-con-arboles.jpeg\" alt=\"initial image\" \/>\n\t\t\t<div class=\"qodef-cfi-image-hover qode-lazy-image\" data-image=\"https:\/\/app.semadet.jalisco.gob.mx\/redd\/wp-content\/uploads\/2019\/12\/Imagen-Bonete.jpeg\" data-lazy='true'><\/div>\n\t\t<\/div>\n\t<\/div>\n\t<\/div>[\/vc_row_inner][\/vc_column][\/vc_row]<\/p>\n","protected":false},"excerpt":{"rendered":"<p>[vc_row css_animation=&#8221;&#8221; row_type=&#8221;row&#8221; use_row_as_full_screen_section=&#8221;no&#8221; type=&#8221;grid&#8221; angled_section=&#8221;no&#8221; text_align=&#8221;center&#8221; background_image_as_pattern=&#8221;without_pattern&#8221; background_color=&#8221;#ffffff&#8221; border_color=&#8221;#eeeeee&#8221; padding_top=&#8221;40&#8243; padding_bottom=&#8221;40&#8243; z_index=&#8221;&#8221; css=&#8221;.vc_custom_1516231763218{background-color: #f4f4f4 !important;}&#8221;][vc_column][vc_single_image image=&#8221;17259&#8243; img_size=&#8221;full&#8221; alignment=&#8221;center&#8221; qode_css_animation=&#8221;&#8221; qode_hover_animation=&#8221;zoom_in&#8221;][\/vc_column][\/vc_row]<\/p>\n","protected":false},"author":1,"featured_media":0,"parent":0,"menu_order":0,"comment_status":"open","ping_status":"open","template":"full_width.php","meta":{"footnotes":""},"_links":{"self":[{"href":"https:\/\/app.semadet.jalisco.gob.mx\/redd\/wp-json\/wp\/v2\/pages\/13396"}],"collection":[{"href":"https:\/\/app.semadet.jalisco.gob.mx\/redd\/wp-json\/wp\/v2\/pages"}],"about":[{"href":"https:\/\/app.semadet.jalisco.gob.mx\/redd\/wp-json\/wp\/v2\/types\/page"}],"author":[{"embeddable":true,"href":"https:\/\/app.semadet.jalisco.gob.mx\/redd\/wp-json\/wp\/v2\/users\/1"}],"replies":[{"embeddable":true,"href":"https:\/\/app.semadet.jalisco.gob.mx\/redd\/wp-json\/wp\/v2\/comments?post=13396"}],"version-history":[{"count":126,"href":"https:\/\/app.semadet.jalisco.gob.mx\/redd\/wp-json\/wp\/v2\/pages\/13396\/revisions"}],"predecessor-version":[{"id":17666,"href":"https:\/\/app.semadet.jalisco.gob.mx\/redd\/wp-json\/wp\/v2\/pages\/13396\/revisions\/17666"}],"wp:attachment":[{"href":"https:\/\/app.semadet.jalisco.gob.mx\/redd\/wp-json\/wp\/v2\/media?parent=13396"}],"curies":[{"name":"wp","href":"https:\/\/api.w.org\/{rel}","templated":true}]}}